{"id":700,"date":"2018-09-11T08:33:48","date_gmt":"2018-09-11T08:33:48","guid":{"rendered":"http:\/\/setsail.select-themes.com\/?page_id=700"},"modified":"2024-09-24T18:06:45","modified_gmt":"2024-09-24T16:06:45","slug":"bons-cadeaux","status":"publish","type":"page","link":"https:\/\/www.lesilesduvoyage.fr\/index.php\/bons-cadeaux\/","title":{"rendered":"Bons cadeaux"},"content":{"rendered":"<section class=\"wpb-content-wrapper\"><p>[vc_row equal_height=\u00a0\u00bbyes\u00a0\u00bb row_content_width=\u00a0\u00bbgrid\u00a0\u00bb css=\u00a0\u00bb.vc_custom_1539262465309{padding-top: 115px !important;padding-bottom: 85px !important;}\u00a0\u00bb][vc_column offset=\u00a0\u00bbvc_col-lg-offset-0 vc_col-lg-5 vc_col-md-offset-0 vc_col-md-12 vc_col-sm-offset-0&Prime;]<div class=\"qodef-section-title-holder \" >\n\t<div class=\"qodef-st-inner\">\n\t\t\t\t\t\t\t<h2 class=\"qodef-st-title\" >\n\t\t\t\tBons cadeaux\t\t\t<\/h2>\n\t\t\t\t\t<\/div>\n<\/div>[vc_empty_space height=\u00a0\u00bb12px\u00a0\u00bb][vc_column_text]\u00c0 la recherche d&rsquo;une id\u00e9e de cadeau originale et inoubliable ? Offrez \u00e0 vos proches la possibilit\u00e9 de d\u00e9couvrir nos bons cadeaux pour des voyages exceptionnels ! Que ce soit pour une escapade romantique, une aventure en famille ou un s\u00e9jour entre amis, nos bons cadeaux sont la cl\u00e9 pour des souvenirs m\u00e9morables.[\/vc_column_text][\/vc_column][vc_column offset=\u00a0\u00bbvc_col-lg-offset-1 vc_col-lg-6 vc_col-md-offset-0 vc_col-md-12 vc_col-sm-offset-0 vc_col-xs-12&Prime; css=\u00a0\u00bb.vc_custom_1540204404941{padding-top: 14px !important;background-position: 0 0 !important;background-repeat: no-repeat !important;}\u00a0\u00bb][vc_single_image image=\u00a0\u00bb5921&Prime; img_size=\u00a0\u00bbfull\u00a0\u00bb][vc_empty_space height=\u00a0\u00bb45px\u00a0\u00bb][\/vc_column][\/vc_row]<\/p>\n<\/section>","protected":false},"excerpt":{"rendered":"<p>[vc_row equal_height=\u00a0\u00bbyes\u00a0\u00bb row_content_width=\u00a0\u00bbgrid\u00a0\u00bb css=\u00a0\u00bb.vc_custom_1539262465309{padding-top: 115px !important;padding-bottom: 85px !important;}\u00a0\u00bb][vc_column offset=\u00a0\u00bbvc_col-lg-offset-0 vc_col-lg-5 vc_col-md-offset-0 vc_col-md-12 vc_col-sm-offset-0&Prime;][vc_empty_space height=\u00a0\u00bb12px\u00a0\u00bb][vc_column_text]\u00c0 la recherche d&rsquo;une id\u00e9e de cadeau originale et inoubliable ? Offrez \u00e0 vos proches la possibilit\u00e9 de d\u00e9couvrir nos bons cadeaux pour des voyages exceptionnels ! [&hellip;]<\/p>\n","protected":false},"author":1,"featured_media":0,"parent":0,"menu_order":0,"comment_status":"closed","ping_status":"closed","template":"full-width.php","meta":{"footnotes":""},"class_list":["post-700","page","type-page","status-publish","hentry"],"_links":{"self":[{"href":"https:\/\/www.lesilesduvoyage.fr\/index.php\/wp-json\/wp\/v2\/pages\/700","targetHints":{"allow":["GET"]}}],"collection":[{"href":"https:\/\/www.lesilesduvoyage.fr\/index.php\/wp-json\/wp\/v2\/pages"}],"about":[{"href":"https:\/\/www.lesilesduvoyage.fr\/index.php\/wp-json\/wp\/v2\/types\/page"}],"author":[{"embeddable":true,"href":"https:\/\/www.lesilesduvoyage.fr\/index.php\/wp-json\/wp\/v2\/users\/1"}],"replies":[{"embeddable":true,"href":"https:\/\/www.lesilesduvoyage.fr\/index.php\/wp-json\/wp\/v2\/comments?post=700"}],"version-history":[{"count":7,"href":"https:\/\/www.lesilesduvoyage.fr\/index.php\/wp-json\/wp\/v2\/pages\/700\/revisions"}],"predecessor-version":[{"id":5926,"href":"https:\/\/www.lesilesduvoyage.fr\/index.php\/wp-json\/wp\/v2\/pages\/700\/revisions\/5926"}],"wp:attachment":[{"href":"https:\/\/www.lesilesduvoyage.fr\/index.php\/wp-json\/wp\/v2\/media?parent=700"}],"curies":[{"name":"wp","href":"https:\/\/api.w.org\/{rel}","templated":true}]}}